{"id":319,"date":"2018-03-23T12:40:00","date_gmt":"2018-03-23T12:40:00","guid":{"rendered":"http:\/\/rrjetikunderdhunesgjinore-monitorime.al\/en\/?page_id=319"},"modified":"2018-03-24T13:21:43","modified_gmt":"2018-03-24T13:21:43","slug":"materiale-trajnimi","status":"publish","type":"page","link":"https:\/\/rrjetikunderdhunesgjinore-monitorime.al\/en\/materiale-trajnimi\/","title":{"rendered":"Materiale trajnimi"},"content":{"rendered":"<div class=\"entry\">\n<p>Monitorimi i standarteve t\u00eb Konvent\u00ebs CEDA\u00eb dhe Konvent\u00ebs s\u00ebStambollit nga organizatat jofitimprur\u00ebse si dhe roli i tyre n\u00eb procesin e<br \/>\nRishikimit Periodik Universal t\u00eb standarteve nd\u00ebrkomb\u00ebtare t\u00eb mbrojtjes s\u00eb t\u00eb drejtave t\u00eb grave.<\/p>\n<p><a href=\"http:\/\/rrjetikunderdhunesgjinore-monitorime.al\/en\/wp-content\/uploads\/2018\/03\/Monitorimi-i-standarteve-t\u00ef\u00bf\u00bd-Konvente\u00cc\u02c6s-CEDAW.pdf\">Kliko ketu per te pare prezantimin!<\/a><\/p>\n<p>Monitorimi i standarteve t\u00eb Konvent\u00ebs CEDA\u00eb dhe Konvent\u00ebs s\u00eb Stambollit nga organizatat jofitimprur\u00ebse si dhe roli i tyre n\u00eb procesin e<br \/>\nRishikimit Periodik Universal t\u00eb standarteve nd\u00ebrkomb\u00ebtare t\u00eb mbrojtjes s\u00eb t\u00eb drejtave t\u00eb grave.<\/p>\n<p><a href=\"http:\/\/rrjetikunderdhunesgjinore-monitorime.al\/en\/wp-content\/uploads\/2018\/03\/PREZANTIMI-NADIA-MONITORIM.pdf\">Kliko ketu per te pare prezantimin!<\/a><\/p>\n<p>Monitorimi i standarteve t\u00eb Konvent\u00ebs CEDAW dhe Konvent\u00ebs s\u00eb Stambollit nga organizatat jofitimprur\u00ebse si dhe roli i tyre n\u00eb procesin e Rishikimit Periodik Universal t\u00eb standarteve nd\u00ebrkomb\u00ebtare t\u00eb mbrojtjes s\u00eb t\u00eb drejtave t\u00eb grave.<\/p>\n<p><a href=\"http:\/\/rrjetikunderdhunesgjinore-monitorime.al\/en\/wp-content\/uploads\/2018\/03\/Trajnim_QNLQ_CEDAW_GREVIO_UPR_2018.ppt\">Kliko ketu per te pare prezantimin!<\/a><\/p>\n<\/div>\n","protected":false},"excerpt":{"rendered":"<p>Monitorimi i standarteve t\u00eb Konvent\u00ebs CEDA\u00eb dhe Konvent\u00ebs s\u00ebStambollit nga organizatat jofitimprur\u00ebse si dhe roli i tyre n\u00eb procesin e Rishikimit Periodik Universal t\u00eb standarteve nd\u00ebrkomb\u00ebtare t\u00eb mbrojtjes s\u00eb t\u00eb drejtave t\u00eb grave. Kliko ketu per te pare prezantimin! Monitorimi i standarteve t\u00eb Konvent\u00ebs CEDA\u00eb dhe Konvent\u00ebs s\u00eb Stambollit nga organizatat jofitimprur\u00ebse si dhe roli &#8230;<\/p>\n","protected":false},"author":1,"featured_media":0,"parent":0,"menu_order":0,"comment_status":"closed","ping_status":"closed","template":"","meta":[],"_links":{"self":[{"href":"https:\/\/rrjetikunderdhunesgjinore-monitorime.al\/en\/wp-json\/wp\/v2\/pages\/319"}],"collection":[{"href":"https:\/\/rrjetikunderdhunesgjinore-monitorime.al\/en\/wp-json\/wp\/v2\/pages"}],"about":[{"href":"https:\/\/rrjetikunderdhunesgjinore-monitorime.al\/en\/wp-json\/wp\/v2\/types\/page"}],"author":[{"embeddable":true,"href":"https:\/\/rrjetikunderdhunesgjinore-monitorime.al\/en\/wp-json\/wp\/v2\/users\/1"}],"replies":[{"embeddable":true,"href":"https:\/\/rrjetikunderdhunesgjinore-monitorime.al\/en\/wp-json\/wp\/v2\/comments?post=319"}],"version-history":[{"count":3,"href":"https:\/\/rrjetikunderdhunesgjinore-monitorime.al\/en\/wp-json\/wp\/v2\/pages\/319\/revisions"}],"predecessor-version":[{"id":327,"href":"https:\/\/rrjetikunderdhunesgjinore-monitorime.al\/en\/wp-json\/wp\/v2\/pages\/319\/revisions\/327"}],"wp:attachment":[{"href":"https:\/\/rrjetikunderdhunesgjinore-monitorime.al\/en\/wp-json\/wp\/v2\/media?parent=319"}],"curies":[{"name":"wp","href":"https:\/\/api.w.org\/{rel}","templated":true}]}}