{"id":7,"date":"2017-12-26T05:47:43","date_gmt":"2017-12-26T05:47:43","guid":{"rendered":"http:\/\/rrjetikunderdhunesgjinore-monitorime.al\/en\/?page_id=7"},"modified":"2018-01-15T00:24:38","modified_gmt":"2018-01-15T00:24:38","slug":"afate-raportimi","status":"publish","type":"page","link":"https:\/\/rrjetikunderdhunesgjinore-monitorime.al\/en\/afate-raportimi\/","title":{"rendered":"Afatet e Raportimit"},"content":{"rendered":"<div class=\"entry\">\n<p><strong>CEDAW<\/strong><\/p>\n<p>Raporti Follow up mbi hapat e marra n\u00eb zbatim t\u00eb rekomandimeve t\u00eb p\u00ebrfshira n\u00eb paragrafin 13 (b) dhe (d) dhe paragrafin 23 (a) dhe (d) t\u00eb V\u00ebrejtjeve P\u00ebrmbyll\u00ebse t\u00eb Komitetit CEDA\u00cb p\u00ebr Shqip\u00ebrin\u00eb paraqitet n\u00eb Korrik 2018;<\/p>\n<p>Raporti i 5-t\u00eb periodik mbi zbatimin e Konvent\u00ebs CEDAW n\u00eb Shqip\u00ebri paraqitet n\u00eb Korrik 2020;<\/p>\n<p><strong>UPR<\/strong><\/p>\n<p>Shqyrtimi i rradh\u00ebs UPR-Maj 2019<\/p>\n<p>P\u00ebrgatitja e raporteve nga OJF-t\u00eb, Korrik 2018<\/p>\n<p>Paraqitja e raporteve nga OJF-t\u00eb, 20.09.2018<\/p>\n<p><strong>GREVIO<\/strong><\/p>\n<p>Esht\u00eb publikuar raporti i par\u00eb i vler\u00ebsimit t\u00eb GREVIOs p\u00ebr Shqip\u00ebrin\u00eb n\u00eb 24 Dhjetor 2017;<\/p>\n<\/div>\n","protected":false},"excerpt":{"rendered":"<p>CEDAW Raporti Follow up mbi hapat e marra n\u00eb zbatim t\u00eb rekomandimeve t\u00eb p\u00ebrfshira n\u00eb paragrafin 13 (b) dhe (d) dhe paragrafin 23 (a) dhe (d) t\u00eb V\u00ebrejtjeve P\u00ebrmbyll\u00ebse t\u00eb Komitetit CEDA\u00cb p\u00ebr Shqip\u00ebrin\u00eb paraqitet n\u00eb Korrik 2018; Raporti i 5-t\u00eb periodik mbi zbatimin e Konvent\u00ebs CEDAW n\u00eb Shqip\u00ebri paraqitet n\u00eb Korrik 2020; UPR Shqyrtimi &#8230;<\/p>\n","protected":false},"author":1,"featured_media":0,"parent":0,"menu_order":0,"comment_status":"closed","ping_status":"closed","template":"","meta":[],"_links":{"self":[{"href":"https:\/\/rrjetikunderdhunesgjinore-monitorime.al\/en\/wp-json\/wp\/v2\/pages\/7"}],"collection":[{"href":"https:\/\/rrjetikunderdhunesgjinore-monitorime.al\/en\/wp-json\/wp\/v2\/pages"}],"about":[{"href":"https:\/\/rrjetikunderdhunesgjinore-monitorime.al\/en\/wp-json\/wp\/v2\/types\/page"}],"author":[{"embeddable":true,"href":"https:\/\/rrjetikunderdhunesgjinore-monitorime.al\/en\/wp-json\/wp\/v2\/users\/1"}],"replies":[{"embeddable":true,"href":"https:\/\/rrjetikunderdhunesgjinore-monitorime.al\/en\/wp-json\/wp\/v2\/comments?post=7"}],"version-history":[{"count":2,"href":"https:\/\/rrjetikunderdhunesgjinore-monitorime.al\/en\/wp-json\/wp\/v2\/pages\/7\/revisions"}],"predecessor-version":[{"id":254,"href":"https:\/\/rrjetikunderdhunesgjinore-monitorime.al\/en\/wp-json\/wp\/v2\/pages\/7\/revisions\/254"}],"wp:attachment":[{"href":"https:\/\/rrjetikunderdhunesgjinore-monitorime.al\/en\/wp-json\/wp\/v2\/media?parent=7"}],"curies":[{"name":"wp","href":"https:\/\/api.w.org\/{rel}","templated":true}]}}